{"id":9290,"date":"2019-10-10T01:36:29","date_gmt":"2019-10-10T01:36:29","guid":{"rendered":"https:\/\/compraya.com.pa\/venta-flash\/"},"modified":"2025-08-17T16:40:31","modified_gmt":"2025-08-17T16:40:31","slug":"venta-flash","status":"publish","type":"page","link":"https:\/\/compraya.com.pa\/es\/venta-flash\/","title":{"rendered":"Venta Flash"},"content":{"rendered":"\t\t<div data-elementor-type=\"wp-page\" data-elementor-id=\"9290\" class=\"elementor elementor-9290 elementor-719\" data-elementor-post-type=\"page\">\n\t\t\t\t\t\t<section class=\"elementor-section elementor-top-section elementor-element elementor-element-87ca3e4 elementor-section-stretched elementor-hidden-phone elementor-section-boxed elementor-section-height-default elementor-section-height-default\" data-id=\"87ca3e4\" data-element_type=\"section\" data-e-type=\"section\" data-settings=\"{&quot;stretch_section&quot;:&quot;section-stretched&quot;}\">\n\t\t\t\t\t\t<div class=\"elementor-container elementor-column-gap-default\">\n\t\t\t\t\t<div class=\"elementor-column elementor-col-100 elementor-top-column elementor-element elementor-element-a325af5\" data-id=\"a325af5\" data-element_type=\"column\" data-e-type=\"column\" data-settings=\"{&quot;background_background&quot;:&quot;classic&quot;}\">\n\t\t\t<div class=\"elementor-widget-wrap elementor-element-populated\">\n\t\t\t\t\t\t<div class=\"elementor-element elementor-element-be974b3 elementor-widget elementor-widget-image\" data-id=\"be974b3\" data-element_type=\"widget\" data-e-type=\"widget\" data-widget_type=\"image.default\">\n\t\t\t\t\t\t\t\t\t\t\t\t\t\t\t<img fetchpriority=\"high\" decoding=\"async\" width=\"875\" height=\"100\" src=\"https:\/\/compraya.com.pa\/wp-content\/uploads\/2021\/06\/bg-flash-sale.jpg\" class=\"attachment-full size-full wp-image-9214\" alt=\"\" \/>\t\t\t\t\t\t\t\t\t\t\t\t\t\t\t<\/div>\n\t\t\t\t\t<\/div>\n\t\t<\/div>\n\t\t\t\t\t<\/div>\n\t\t<\/section>\n\t\t\t\t<section class=\"elementor-section elementor-top-section elementor-element elementor-element-c680ab5 elementor-section-stretched elementor-section-boxed elementor-section-height-default elementor-section-height-default\" data-id=\"c680ab5\" data-element_type=\"section\" data-e-type=\"section\" data-settings=\"{&quot;stretch_section&quot;:&quot;section-stretched&quot;}\">\n\t\t\t\t\t\t<div class=\"elementor-container elementor-column-gap-default\">\n\t\t\t\t\t<div class=\"elementor-column elementor-col-100 elementor-top-column elementor-element elementor-element-5aa275e\" data-id=\"5aa275e\" data-element_type=\"column\" data-e-type=\"column\">\n\t\t\t<div class=\"elementor-widget-wrap elementor-element-populated\">\n\t\t\t\t\t\t<div class=\"elementor-element elementor-element-3808074 elementor-product-v1 elementor-widget elementor-widget-besa-product-flash-sales\" data-id=\"3808074\" data-element_type=\"widget\" data-e-type=\"widget\" data-widget_type=\"besa-product-flash-sales.default\">\n\t\t\t\t<div class=\"elementor-widget-container\">\n\t\t\t\t\t\r\n<div class=\"tbay-element tbay-element-product-flash-sales product-flash-sales-main deal-ended products\">\r\n\t<div class=\"top-flash-sale-wrapper\">\r\n    \t\t\t\t<h3 class=\"heading-tbay-title\">\r\n\t\t\t\t\t\t\t\t\t<span class=\"title\">Comprar ofertas flash<\/span>\r\n\t\t\t\t\t    \t\r\n\t\t\t\t\t\t\t\t\t<span class=\"subtitle\">Actualizaciones diarias de todas las ofertas especiales. \u00a1A\u00f1ade esta p\u00e1gina a favoritos y vuelve a menudo para no perd\u00e9rtelo!<\/span>\r\n\t\t\t\t\t\t\t<\/h3>\r\n\t\t                    <div class=\"flash-sales-date\">\r\n                                                <div class=\"date-title\">Oferta finalizada.<\/div>\r\n                             \r\n            <\/div> \r\n         \r\n        \t<\/div>\r\n    \r\n     \r\n<div class=\"product-flash-sales row grid\" data-xlgdesktop=\"5\" data-desktop=\"5\" data-desktopsmall=\"4\" data-tablet=\"3\" data-landscape=\"2\" data-mobile=\"2\">\r\n\r\n    \r\n        <div class=\"item\">\r\n\t\t\t \r\n            <div class=\"products-grid product type-product post-9487 status-publish first outofstock product_cat-bebes-y-juguetes product_tag-en-vivo product_tag-mascota product_tag-sudaderas-con-capucha has-post-thumbnail taxable shipping-taxable purchasable product-type-simple\">\r\n\t\t\t\t<div class=\"product-block grid product v1  tbay-not-flash-sale\" data-product-id=\"9487\">\n\t\t\n\t\t\n\t<div class=\"product-content\">\n\t\t\t\t<div class=\"block-inner\">\n\t\t\t<figure class=\"image \">\n\t\t\t\t<a title=\"La pomme H012 gorro de reci\u00e9n nacido a cuadros\" href=\"https:\/\/compraya.com.pa\/es\/producto\/la-pomme-h012-gorro-de-recien-nacido-a-cuadros\/\" class=\"product-image\">\n\t\t\t\t\t<img decoding=\"async\" width=\"280\" height=\"280\" src=\"https:\/\/compraya.com.pa\/wp-content\/uploads\/2019\/10\/product-82-280x280.jpg\" class=\"image-no-effect\" alt=\"\" \/><span class=\"out-stock\"><span>Sin stock<\/span><\/span>\t\t\t\t<\/a>\n\n\t\t\t\t\t\t\t\t\t\t\t<div class=\"product-top\">\n\t\t\t\t\t\t\t\t\t\t\t\t\t\t\t<\/div>\n\t\t\t\t\t\t\n\t\t\t\t\t\t\t\t\t\t<\/figure>\n\t\t\t<div class=\"group-buttons\">\t\n\t\t\t\t<div class=\"add-cart\" title=\"Leer m\u00e1s\"><a href=\"https:\/\/compraya.com.pa\/es\/producto\/la-pomme-h012-gorro-de-recien-nacido-a-cuadros\/\" aria-describedby=\"woocommerce_loop_add_to_cart_link_describedby_9487\" data-quantity=\"1\" class=\"button product_type_simple\" data-product_id=\"9487\" data-product_sku=\"1558691521095\" aria-label=\"Lee m\u00e1s sobre &ldquo;La pomme H012 gorro de reci\u00e9n nacido a cuadros&rdquo;\" rel=\"nofollow\" data-success_message=\"\"><i class=\"tb-icon tb-icon-zt-shopping-cart\"><\/i><span class=\"title-cart\">Leer m\u00e1s<\/span><\/a>\t\t\t<span id=\"woocommerce_loop_add_to_cart_link_describedby_9487\" class=\"screen-reader-text\">\r\n\t\t\t\t\t<\/span>\r\n\t<\/div><div class=\"button-wishlist \" title=\"Wishlist\"><div class=\"yith-add-to-wishlist-button-block\" data-product-id=\"9487\" data-attributes=\"{&quot;kind&quot;:&quot;button&quot;}\"><\/div><\/div>            <div class=\"tbay-quick-view\">\r\n                <a href=\"#\" class=\"qview-button\" title =\"Vista r\u00e1pida\" data-effect=\"mfp-move-from-top\" data-product_id=\"9487\" data-toggle=\"modal\" data-target=\"#tbay-quickview-modal\">\r\n                    <i class=\"tb-icon tb-icon-zt-expand\"><\/i>\r\n                    <span>Vista r\u00e1pida<\/span>\r\n                <\/a>\r\n            <\/div>\r\n            \t\t    <\/div>\n\t\t<\/div>\n\t\t\t\t\n\t\t\t\t\t\n\t\t<div class=\"caption\">\n\t\t\t\t\t\t\t\t\t\n\t\t\t        \r\n        <h3 class=\"name full_name\"><a href=\"https:\/\/compraya.com.pa\/es\/producto\/la-pomme-h012-gorro-de-recien-nacido-a-cuadros\/\">La pomme H012 gorro de reci\u00e9n nacido a cuadros<\/a><\/h3>\r\n        \t\t\t\r\n<div class=\"rating no-rate\">\r\n\t\t\t<div class=\"star-rating\" role=\"img\" aria-label=\"Valorado con 5.00 de 5\"><span style=\"width:100%\">Valorado con <strong class=\"rating\">5.00<\/strong> de 5<\/span><\/div>\t\t<div class=\"count\"><span>0<\/span><\/div>\r\n\t<\/div>\t\t\t\n\t\t\t\t\t\t\t\t<div class=\"price-wrapper\">\n\t\t\t\t\t\t\n\t<span class=\"price\"><span class=\"woocommerce-Price-amount amount\"><bdi><span class=\"woocommerce-Price-currencySymbol\">&#36;<\/span>150.00<\/bdi><\/span><\/span>\n\t\t\t\t\t<\/div>\n\t\t\t\t\t \n\t\t\t        <div class=\"sold-by-meta sold-dokan\">\r\n            <span class=\"sold-by-label\">Vendedor: <\/span>\r\n            <a href=\"https:\/\/compraya.com.pa\/es\/tienda\/lsvhfwushd\/\">lsvhfwushd<\/a>\r\n        <\/div>\r\n\r\n        \t\t<\/div>\n\t\t            <div class=\"stock-flash-sale stock\">\r\n                                <div class=\"progress\">\r\n                    <div class=\"progress-bar active\" role=\"progressbar\" aria-valuenow=\"80\" aria-valuemin=\"0\" aria-valuemax=\"100\" style=\"width: 100%\">\r\n                    <\/div>\r\n                <\/div>\r\n                <span class=\"tb-sold\">Sold : <span class=\"sold\">50<\/span><span class=\"total\">\/50<\/span><\/span>\r\n            <\/div>\r\n        \t\t\t\t    <\/div>\n    \n\t\n\t \n<\/div>\n\t\t\t<\/div>\r\n        <\/div>\r\n\r\n    \r\n        <div class=\"item\">\r\n\t\t\t \r\n            <div class=\"products-grid product type-product post-9553 status-publish outofstock product_cat-bebes-y-juguetes product_tag-dokan-es product_tag-en-vivo product_tag-mini-ventilador product_tag-nino-2 product_tag-rebajas-es has-post-thumbnail taxable shipping-taxable purchasable product-type-simple\">\r\n\t\t\t\t<div class=\"product-block grid product v1  tbay-not-flash-sale\" data-product-id=\"9553\">\n\t\t\n\t\t\n\t<div class=\"product-content\">\n\t\t\t\t<div class=\"block-inner\">\n\t\t\t<figure class=\"image \">\n\t\t\t\t<a title=\"Sillas vibratorias, con m\u00fasica para estimular\" href=\"https:\/\/compraya.com.pa\/es\/producto\/sillas-vibratorias-con-musica-para-estimular\/\" class=\"product-image\">\n\t\t\t\t\t<img decoding=\"async\" width=\"280\" height=\"280\" src=\"https:\/\/compraya.com.pa\/wp-content\/uploads\/2019\/10\/product-89-280x280.jpg\" class=\"image-no-effect\" alt=\"\" \/><span class=\"out-stock\"><span>Sin stock<\/span><\/span>\t\t\t\t<\/a>\n\n\t\t\t\t\t\t\t\t\t\t\t<div class=\"product-top\">\n\t\t\t\t\t\t\t\t\t\t\t\t\t\t\t<\/div>\n\t\t\t\t\t\t\n\t\t\t\t\t\t\t\t\t\t<\/figure>\n\t\t\t<div class=\"group-buttons\">\t\n\t\t\t\t<div class=\"add-cart\" title=\"Leer m\u00e1s\"><a href=\"https:\/\/compraya.com.pa\/es\/producto\/sillas-vibratorias-con-musica-para-estimular\/\" aria-describedby=\"woocommerce_loop_add_to_cart_link_describedby_9553\" data-quantity=\"1\" class=\"button product_type_simple\" data-product_id=\"9553\" data-product_sku=\"1558691521096\" aria-label=\"Lee m\u00e1s sobre &ldquo;Sillas vibratorias, con m\u00fasica para estimular&rdquo;\" rel=\"nofollow\" data-success_message=\"\"><i class=\"tb-icon tb-icon-zt-shopping-cart\"><\/i><span class=\"title-cart\">Leer m\u00e1s<\/span><\/a>\t\t\t<span id=\"woocommerce_loop_add_to_cart_link_describedby_9553\" class=\"screen-reader-text\">\r\n\t\t\t\t\t<\/span>\r\n\t<\/div><div class=\"button-wishlist \" title=\"Wishlist\"><div class=\"yith-add-to-wishlist-button-block\" data-product-id=\"9553\" data-attributes=\"{&quot;kind&quot;:&quot;button&quot;}\"><\/div><\/div>            <div class=\"tbay-quick-view\">\r\n                <a href=\"#\" class=\"qview-button\" title =\"Vista r\u00e1pida\" data-effect=\"mfp-move-from-top\" data-product_id=\"9553\" data-toggle=\"modal\" data-target=\"#tbay-quickview-modal\">\r\n                    <i class=\"tb-icon tb-icon-zt-expand\"><\/i>\r\n                    <span>Vista r\u00e1pida<\/span>\r\n                <\/a>\r\n            <\/div>\r\n            \t\t    <\/div>\n\t\t<\/div>\n\t\t\t\t\n\t\t\t\t\t\n\t\t<div class=\"caption\">\n\t\t\t\t\t\t\t\t\t\n\t\t\t        \r\n        <h3 class=\"name full_name\"><a href=\"https:\/\/compraya.com.pa\/es\/producto\/sillas-vibratorias-con-musica-para-estimular\/\">Sillas vibratorias, con m\u00fasica para estimular<\/a><\/h3>\r\n        \t\t\t\r\n<div class=\"rating no-rate\">\r\n\t\t\t<div class=\"star-rating\" role=\"img\" aria-label=\"Valorado con 4.75 de 5\"><span style=\"width:95%\">Valorado con <strong class=\"rating\">4.75<\/strong> de 5<\/span><\/div>\t\t<div class=\"count\"><span>0<\/span><\/div>\r\n\t<\/div>\t\t\t\n\t\t\t\t\t\t\t\t<div class=\"price-wrapper\">\n\t\t\t\t\t\t\n\t<span class=\"price\"><span class=\"woocommerce-Price-amount amount\"><bdi><span class=\"woocommerce-Price-currencySymbol\">&#36;<\/span>450.99<\/bdi><\/span><\/span>\n\t\t\t\t\t<\/div>\n\t\t\t\t\t \n\t\t\t        <div class=\"sold-by-meta sold-dokan\">\r\n            <span class=\"sold-by-label\">Vendedor: <\/span>\r\n            <a href=\"https:\/\/compraya.com.pa\/es\/tienda\/lsvhfwushd\/\">lsvhfwushd<\/a>\r\n        <\/div>\r\n\r\n        \t\t<\/div>\n\t\t            <div class=\"stock-flash-sale stock\">\r\n                                <div class=\"progress\">\r\n                    <div class=\"progress-bar active\" role=\"progressbar\" aria-valuenow=\"80\" aria-valuemin=\"0\" aria-valuemax=\"100\" style=\"width: 100%\">\r\n                    <\/div>\r\n                <\/div>\r\n                <span class=\"tb-sold\">Sold : <span class=\"sold\">11<\/span><span class=\"total\">\/11<\/span><\/span>\r\n            <\/div>\r\n        \t\t\t\t    <\/div>\n    \n\t\n\t \n<\/div>\n\t\t\t<\/div>\r\n        <\/div>\r\n\r\n    \r\n        <div class=\"item\">\r\n\t\t\t \r\n            <div class=\"products-grid product type-product post-9566 status-publish outofstock product_cat-bebes-y-juguetes product_tag-en-vivo product_tag-mini-ventilador product_tag-nino-2 product_tag-rebajas-es has-post-thumbnail taxable shipping-taxable purchasable product-type-simple\">\r\n\t\t\t\t<div class=\"product-block grid product v1  tbay-not-flash-sale\" data-product-id=\"9566\">\n\t\t\n\t\t\n\t<div class=\"product-content\">\n\t\t\t\t<div class=\"block-inner\">\n\t\t\t<figure class=\"image \">\n\t\t\t\t<a title=\"Oso de peluche relleno de algod\u00f3n PP\" href=\"https:\/\/compraya.com.pa\/es\/producto\/oso-de-peluche-relleno-de-algodon-pp\/\" class=\"product-image\">\n\t\t\t\t\t<img loading=\"lazy\" decoding=\"async\" width=\"280\" height=\"280\" src=\"https:\/\/compraya.com.pa\/wp-content\/uploads\/2019\/10\/product-85-280x280.jpg\" class=\"image-no-effect\" alt=\"\" \/><span class=\"out-stock\"><span>Sin stock<\/span><\/span>\t\t\t\t<\/a>\n\n\t\t\t\t\t\t\t\t\t\t\t<div class=\"product-top\">\n\t\t\t\t\t\t\t\t\t\t\t\t\t\t\t<\/div>\n\t\t\t\t\t\t\n\t\t\t\t\t\t\t\t\t\t<\/figure>\n\t\t\t<div class=\"group-buttons\">\t\n\t\t\t\t<div class=\"add-cart\" title=\"Leer m\u00e1s\"><a href=\"https:\/\/compraya.com.pa\/es\/producto\/oso-de-peluche-relleno-de-algodon-pp\/\" aria-describedby=\"woocommerce_loop_add_to_cart_link_describedby_9566\" data-quantity=\"1\" class=\"button product_type_simple\" data-product_id=\"9566\" data-product_sku=\"7649749059530\" aria-label=\"Lee m\u00e1s sobre &ldquo;Oso de peluche relleno de algod\u00f3n PP&rdquo;\" rel=\"nofollow\" data-success_message=\"\"><i class=\"tb-icon tb-icon-zt-shopping-cart\"><\/i><span class=\"title-cart\">Leer m\u00e1s<\/span><\/a>\t\t\t<span id=\"woocommerce_loop_add_to_cart_link_describedby_9566\" class=\"screen-reader-text\">\r\n\t\t\t\t\t<\/span>\r\n\t<\/div><div class=\"button-wishlist \" title=\"Wishlist\"><div class=\"yith-add-to-wishlist-button-block\" data-product-id=\"9566\" data-attributes=\"{&quot;kind&quot;:&quot;button&quot;}\"><\/div><\/div>            <div class=\"tbay-quick-view\">\r\n                <a href=\"#\" class=\"qview-button\" title =\"Vista r\u00e1pida\" data-effect=\"mfp-move-from-top\" data-product_id=\"9566\" data-toggle=\"modal\" data-target=\"#tbay-quickview-modal\">\r\n                    <i class=\"tb-icon tb-icon-zt-expand\"><\/i>\r\n                    <span>Vista r\u00e1pida<\/span>\r\n                <\/a>\r\n            <\/div>\r\n            \t\t    <\/div>\n\t\t<\/div>\n\t\t\t\t\n\t\t\t\t\t\n\t\t<div class=\"caption\">\n\t\t\t\t\t\t\t\t\t\n\t\t\t        \r\n        <h3 class=\"name full_name\"><a href=\"https:\/\/compraya.com.pa\/es\/producto\/oso-de-peluche-relleno-de-algodon-pp\/\">Oso de peluche relleno de algod\u00f3n PP<\/a><\/h3>\r\n        \t\t\t\r\n<div class=\"rating no-rate\">\r\n\t\t\t<div class=\"star-rating\" role=\"img\" aria-label=\"Valorado con 4.33 de 5\"><span style=\"width:86.6%\">Valorado con <strong class=\"rating\">4.33<\/strong> de 5<\/span><\/div>\t\t<div class=\"count\"><span>0<\/span><\/div>\r\n\t<\/div>\t\t\t\n\t\t\t\t\t\t\t\t<div class=\"price-wrapper\">\n\t\t\t\t\t\t\n\t<span class=\"price\"><span class=\"woocommerce-Price-amount amount\"><bdi><span class=\"woocommerce-Price-currencySymbol\">&#36;<\/span>150.00<\/bdi><\/span><\/span>\n\t\t\t\t\t<\/div>\n\t\t\t\t\t \n\t\t\t        <div class=\"sold-by-meta sold-dokan\">\r\n            <span class=\"sold-by-label\">Vendedor: <\/span>\r\n            <a href=\"https:\/\/compraya.com.pa\/es\/tienda\/lsvhfwushd\/\">lsvhfwushd<\/a>\r\n        <\/div>\r\n\r\n        \t\t<\/div>\n\t\t            <div class=\"stock-flash-sale stock\">\r\n                                <div class=\"progress\">\r\n                    <div class=\"progress-bar active\" role=\"progressbar\" aria-valuenow=\"80\" aria-valuemin=\"0\" aria-valuemax=\"100\" style=\"width: 100%\">\r\n                    <\/div>\r\n                <\/div>\r\n                <span class=\"tb-sold\">Sold : <span class=\"sold\">106<\/span><span class=\"total\">\/106<\/span><\/span>\r\n            <\/div>\r\n        \t\t\t\t    <\/div>\n    \n\t\n\t \n<\/div>\n\t\t\t<\/div>\r\n        <\/div>\r\n\r\n    \r\n        <div class=\"item\">\r\n\t\t\t \r\n            <div class=\"products-grid product type-product post-9556 status-publish last outofstock product_cat-deportes-y-viajes product_tag-deporte product_tag-en-vivo product_tag-mochila product_tag-viajes has-post-thumbnail taxable shipping-taxable purchasable product-type-simple\">\r\n\t\t\t\t<div class=\"product-block grid product v1  tbay-not-flash-sale\" data-product-id=\"9556\">\n\t\t\n\t\t\n\t<div class=\"product-content\">\n\t\t\t\t<div class=\"block-inner\">\n\t\t\t<figure class=\"image \">\n\t\t\t\t<a title=\"Mochila de viaje de monta\u00f1ismo Local Lion\" href=\"https:\/\/compraya.com.pa\/es\/producto\/mochila-de-viaje-de-montanismo-local-lion\/\" class=\"product-image\">\n\t\t\t\t\t<img loading=\"lazy\" decoding=\"async\" width=\"280\" height=\"280\" src=\"https:\/\/compraya.com.pa\/wp-content\/uploads\/2019\/10\/product-136-280x280.jpg\" class=\"image-no-effect\" alt=\"\" \/><span class=\"out-stock\"><span>Sin stock<\/span><\/span>\t\t\t\t<\/a>\n\n\t\t\t\t\t\t\t\t\t\t\t<div class=\"product-top\">\n\t\t\t\t\t\t\t\t\t\t\t\t\t\t\t<\/div>\n\t\t\t\t\t\t\n\t\t\t\t\t\t\t\t\t\t<\/figure>\n\t\t\t<div class=\"group-buttons\">\t\n\t\t\t\t<div class=\"add-cart\" title=\"Leer m\u00e1s\"><a href=\"https:\/\/compraya.com.pa\/es\/producto\/mochila-de-viaje-de-montanismo-local-lion\/\" aria-describedby=\"woocommerce_loop_add_to_cart_link_describedby_9556\" data-quantity=\"1\" class=\"button product_type_simple\" data-product_id=\"9556\" data-product_sku=\"3025750495309\" aria-label=\"Lee m\u00e1s sobre &ldquo;Mochila de viaje de monta\u00f1ismo Local Lion&rdquo;\" rel=\"nofollow\" data-success_message=\"\"><i class=\"tb-icon tb-icon-zt-shopping-cart\"><\/i><span class=\"title-cart\">Leer m\u00e1s<\/span><\/a>\t\t\t<span id=\"woocommerce_loop_add_to_cart_link_describedby_9556\" class=\"screen-reader-text\">\r\n\t\t\t\t\t<\/span>\r\n\t<\/div><div class=\"button-wishlist \" title=\"Wishlist\"><div class=\"yith-add-to-wishlist-button-block\" data-product-id=\"9556\" data-attributes=\"{&quot;kind&quot;:&quot;button&quot;}\"><\/div><\/div>            <div class=\"tbay-quick-view\">\r\n                <a href=\"#\" class=\"qview-button\" title =\"Vista r\u00e1pida\" data-effect=\"mfp-move-from-top\" data-product_id=\"9556\" data-toggle=\"modal\" data-target=\"#tbay-quickview-modal\">\r\n                    <i class=\"tb-icon tb-icon-zt-expand\"><\/i>\r\n                    <span>Vista r\u00e1pida<\/span>\r\n                <\/a>\r\n            <\/div>\r\n            \t\t    <\/div>\n\t\t<\/div>\n\t\t\t\t\n\t\t\t\t\t\n\t\t<div class=\"caption\">\n\t\t\t\t\t\t\t\t\t\n\t\t\t        \r\n        <h3 class=\"name full_name\"><a href=\"https:\/\/compraya.com.pa\/es\/producto\/mochila-de-viaje-de-montanismo-local-lion\/\">Mochila de viaje de monta\u00f1ismo Local Lion<\/a><\/h3>\r\n        \t\t\t\r\n<div class=\"rating no-rate\">\r\n\t\t\t<div class=\"star-rating\" role=\"img\" aria-label=\"Valorado con 4.50 de 5\"><span style=\"width:90%\">Valorado con <strong class=\"rating\">4.50<\/strong> de 5<\/span><\/div>\t\t<div class=\"count\"><span>0<\/span><\/div>\r\n\t<\/div>\t\t\t\n\t\t\t\t\t\t\t\t<div class=\"price-wrapper\">\n\t\t\t\t\t\t\n\t<span class=\"price\"><span class=\"woocommerce-Price-amount amount\"><bdi><span class=\"woocommerce-Price-currencySymbol\">&#36;<\/span>122.00<\/bdi><\/span><\/span>\n\t\t\t\t\t<\/div>\n\t\t\t\t\t \n\t\t\t        <div class=\"sold-by-meta sold-dokan\">\r\n            <span class=\"sold-by-label\">Vendedor: <\/span>\r\n            <a href=\"https:\/\/compraya.com.pa\/es\/tienda\/lsvhfwushd\/\">lsvhfwushd<\/a>\r\n        <\/div>\r\n\r\n        \t\t<\/div>\n\t\t            <div class=\"stock-flash-sale stock\">\r\n                                <div class=\"progress\">\r\n                    <div class=\"progress-bar active\" role=\"progressbar\" aria-valuenow=\"80\" aria-valuemin=\"0\" aria-valuemax=\"100\" style=\"width: 100%\">\r\n                    <\/div>\r\n                <\/div>\r\n                <span class=\"tb-sold\">Sold : <span class=\"sold\">74<\/span><span class=\"total\">\/74<\/span><\/span>\r\n            <\/div>\r\n        \t\t\t\t    <\/div>\n    \n\t\n\t \n<\/div>\n\t\t\t<\/div>\r\n        <\/div>\r\n\r\n     \r\n<\/div>\r\n\r\n\r\n<\/div>\t\t\t\t<\/div>\n\t\t\t\t<\/div>\n\t\t\t\t\t<\/div>\n\t\t<\/div>\n\t\t\t\t\t<\/div>\n\t\t<\/section>\n\t\t\t\t<\/div>\n\t\t","protected":false},"excerpt":{"rendered":"<p>Comprar ofertas flash Actualizaciones diarias de todas las ofertas especiales. \u00a1A\u00f1ade esta p\u00e1gina a favoritos y vuelve a menudo para no perd\u00e9rtelo! Oferta finalizada. Add to cart Quick View La Pomme H012 plaid newborn hat Rated 5.00 out of 5 4 &#36;140.00 Vendor: lsvhfwushd Sold : 50\/71 Add to cart Quick View Vibrating Chairs, Have &hellip; <a href=\"https:\/\/compraya.com.pa\/es\/producto\/mochila-de-viaje-de-montanismo-local-lion\/\" class=\"more-link\">Continue reading <span class=\"screen-reader-text\">Mochila de viaje de monta\u00f1ismo Local Lion<\/span><\/a><\/p>\n","protected":false},"author":1,"featured_media":0,"parent":0,"menu_order":0,"comment_status":"closed","ping_status":"closed","template":"elementor_theme","meta":{"footnotes":""},"class_list":["post-9290","page","type-page","status-publish","hentry"],"jetpack_sharing_enabled":true,"_links":{"self":[{"href":"https:\/\/compraya.com.pa\/es\/wp-json\/wp\/v2\/pages\/9290","targetHints":{"allow":["GET"]}}],"collection":[{"href":"https:\/\/compraya.com.pa\/es\/wp-json\/wp\/v2\/pages"}],"about":[{"href":"https:\/\/compraya.com.pa\/es\/wp-json\/wp\/v2\/types\/page"}],"author":[{"embeddable":true,"href":"https:\/\/compraya.com.pa\/es\/wp-json\/wp\/v2\/users\/1"}],"replies":[{"embeddable":true,"href":"https:\/\/compraya.com.pa\/es\/wp-json\/wp\/v2\/comments?post=9290"}],"version-history":[{"count":1,"href":"https:\/\/compraya.com.pa\/es\/wp-json\/wp\/v2\/pages\/9290\/revisions"}],"predecessor-version":[{"id":9291,"href":"https:\/\/compraya.com.pa\/es\/wp-json\/wp\/v2\/pages\/9290\/revisions\/9291"}],"wp:attachment":[{"href":"https:\/\/compraya.com.pa\/es\/wp-json\/wp\/v2\/media?parent=9290"}],"curies":[{"name":"wp","href":"https:\/\/api.w.org\/{rel}","templated":true}]}}