{"id":9505,"date":"2019-10-04T09:33:53","date_gmt":"2019-10-04T09:33:53","guid":{"rendered":"https:\/\/compraya.com.pa\/product\/geoglo-pexel-3a-xl-2018-plus\/"},"modified":"2025-08-17T16:42:58","modified_gmt":"2025-08-17T16:42:58","slug":"geoglo-pexel-3a-xl-2018-plus","status":"publish","type":"product","link":"https:\/\/compraya.com.pa\/es\/producto\/geoglo-pexel-3a-xl-2018-plus\/","title":{"rendered":"Geoglo pexel 3a XL 2018 plus"},"content":{"rendered":"\t\t<div data-elementor-type=\"wp-post\" data-elementor-id=\"9505\" class=\"elementor elementor-9505 elementor-8527\" data-elementor-post-type=\"product\">\n\t\t\t\t\t\t<section class=\"elementor-section elementor-top-section elementor-element elementor-element-20bb055 elementor-section-boxed elementor-section-height-default elementor-section-height-default\" data-id=\"20bb055\" data-element_type=\"section\" data-e-type=\"section\">\n\t\t\t\t\t\t<div class=\"elementor-container elementor-column-gap-no no-gutters\">\n\t\t\t\t\t<div class=\"elementor-column elementor-col-100 elementor-top-column elementor-element elementor-element-84c46bd\" data-id=\"84c46bd\" data-element_type=\"column\" data-e-type=\"column\">\n\t\t\t<div class=\"elementor-widget-wrap elementor-element-populated\">\n\t\t\t\t\t\t<div class=\"elementor-element elementor-element-8b27945 elementor-widget elementor-widget-text-editor\" data-id=\"8b27945\" data-element_type=\"widget\" data-e-type=\"widget\" data-widget_type=\"text-editor.default\">\n\t\t\t\t\t\t\t\t\t<p>El smartphone Apple iPhone 6s se lanz\u00f3 en septiembre de 2015. El tel\u00e9fono viene con una pantalla t\u00e1ctil de 4,70 pulgadas con una resoluci\u00f3n de 750&#215;1334 p\u00edxeles a una densidad de p\u00edxeles de 326 p\u00edxeles por pulgada (ppi) y una relaci\u00f3n de aspecto de 16:9.  El Apple iPhone 6s est\u00e1 alimentado por un procesador A9 de doble n\u00facleo a 1,84 GHz. Viene con 2 GB de RAM. El Apple iPhone 6s ejecuta iOS 9 y est\u00e1 alimentado por una bater\u00eda no extra\u00edble de 1715 mAh. En cuanto a las c\u00e1maras, el Apple iPhone 6s en la parte trasera incluye una c\u00e1mara de 12 megap\u00edxeles con una apertura de f\/2.2 y un tama\u00f1o de p\u00edxel de 1,22 micras. La configuraci\u00f3n de la c\u00e1mara trasera tiene enfoque autom\u00e1tico de detecci\u00f3n de fase. Tiene una c\u00e1mara de 5 megap\u00edxeles en la parte delantera para selfies, con una apertura de f\/2.2.      <\/p>\t\t\t\t\t\t\t\t<\/div>\n\t\t\t\t<div class=\"elementor-element elementor-element-701318f elementor-widget elementor-widget-text-editor\" data-id=\"701318f\" data-element_type=\"widget\" data-e-type=\"widget\" data-widget_type=\"text-editor.default\">\n\t\t\t\t\t\t\t\t\t<p>Las opciones de conectividad en el Apple iPhone 6s incluyen Wi-Fi 802.11 a\/b\/g\/n\/ac, GPS, Bluetooth v4.20, NFC, Lightning, 3G y 4G (con soporte para la banda 40 utilizada por algunas redes LTE en India). Los sensores en el tel\u00e9fono incluyen aceler\u00f3metro, sensor de luz ambiental, bar\u00f3metro, br\u00fajula\/magnet\u00f3metro, giroscopio, sensor de proximidad y sensor de huellas dactilares. <\/p>\t\t\t\t\t\t\t\t<\/div>\n\t\t\t\t<section class=\"elementor-section elementor-inner-section elementor-element elementor-element-30e3d39 elementor-section-boxed elementor-section-height-default elementor-section-height-default\" data-id=\"30e3d39\" data-element_type=\"section\" data-e-type=\"section\">\n\t\t\t\t\t\t<div class=\"elementor-container elementor-column-gap-default\">\n\t\t\t\t\t<div class=\"elementor-column elementor-col-50 elementor-inner-column elementor-element elementor-element-7b79d47\" data-id=\"7b79d47\" data-element_type=\"column\" data-e-type=\"column\">\n\t\t\t<div class=\"elementor-widget-wrap elementor-element-populated\">\n\t\t\t\t\t\t<div class=\"elementor-element elementor-element-96f149b elementor-widget elementor-widget-image\" data-id=\"96f149b\" data-element_type=\"widget\" data-e-type=\"widget\" data-widget_type=\"image.default\">\n\t\t\t\t\t\t\t\t\t\t\t\t\t\t\t<img fetchpriority=\"high\" decoding=\"async\" width=\"1000\" height=\"1000\" src=\"https:\/\/compraya.com.pa\/wp-content\/uploads\/2019\/10\/product-01.jpg\" class=\"attachment-full size-full wp-image-8938\" alt=\"\" \/>\t\t\t\t\t\t\t\t\t\t\t\t\t\t\t<\/div>\n\t\t\t\t\t<\/div>\n\t\t<\/div>\n\t\t\t\t<div class=\"elementor-column elementor-col-50 elementor-inner-column elementor-element elementor-element-10d41df\" data-id=\"10d41df\" data-element_type=\"column\" data-e-type=\"column\">\n\t\t\t<div class=\"elementor-widget-wrap elementor-element-populated\">\n\t\t\t\t\t\t<div class=\"elementor-element elementor-element-875c1c0 elementor-widget elementor-widget-image\" data-id=\"875c1c0\" data-element_type=\"widget\" data-e-type=\"widget\" data-widget_type=\"image.default\">\n\t\t\t\t\t\t\t\t\t\t\t\t\t\t\t<img decoding=\"async\" width=\"1000\" height=\"1000\" src=\"https:\/\/compraya.com.pa\/wp-content\/uploads\/2019\/10\/product-02.jpg\" class=\"attachment-full size-full wp-image-9024\" alt=\"\" \/>\t\t\t\t\t\t\t\t\t\t\t\t\t\t\t<\/div>\n\t\t\t\t\t<\/div>\n\t\t<\/div>\n\t\t\t\t\t<\/div>\n\t\t<\/section>\n\t\t\t\t<div class=\"elementor-element elementor-element-2f0e737 elementor-widget elementor-widget-text-editor\" data-id=\"2f0e737\" data-element_type=\"widget\" data-e-type=\"widget\" data-widget_type=\"text-editor.default\">\n\t\t\t\t\t\t\t\t\t<p><strong>C\u00e1mara: Calidad de imagen trasera<\/strong>: Calidad de imagen fija utilizando la c\u00e1mara trasera (principal). Se basa en juicios objetivos y subjetivos de im\u00e1genes de prueba, que incluyen la evaluaci\u00f3n de la resoluci\u00f3n, el rango din\u00e1mico, la precisi\u00f3n del color y el ruido visual. <\/p>\t\t\t\t\t\t\t\t<\/div>\n\t\t\t\t<div class=\"elementor-element elementor-element-0f93d34 elementor-widget elementor-widget-text-editor\" data-id=\"0f93d34\" data-element_type=\"widget\" data-e-type=\"widget\" data-widget_type=\"text-editor.default\">\n\t\t\t\t\t\t\t\t\t<p><strong>C\u00e1mara: Calidad de v\u00eddeo trasera de 1080p:<\/strong> La calidad de v\u00eddeo se basa en los juicios de panelistas capacitados que vieron im\u00e1genes de v\u00eddeo grabadas tomadas con la configuraci\u00f3n de calidad m\u00e1s alta disponible (1080p m\u00e1x.) en m\u00faltiples condiciones de iluminaci\u00f3n.<\/p>\t\t\t\t\t\t\t\t<\/div>\n\t\t\t\t<div class=\"elementor-element elementor-element-e2dac78 elementor-widget elementor-widget-text-editor\" data-id=\"e2dac78\" data-element_type=\"widget\" data-e-type=\"widget\" data-widget_type=\"text-editor.default\">\n\t\t\t\t\t\t\t\t\t<p><strong>C\u00e1mara: Calidad de imagen selfie:<\/strong> Calidad de imagen fija utilizando la c\u00e1mara frontal (selfie). Se basa en juicios objetivos y subjetivos de im\u00e1genes de prueba, que incluyen la evaluaci\u00f3n de la resoluci\u00f3n, la precisi\u00f3n del color y el ruido visual en m\u00faltiples condiciones de iluminaci\u00f3n. <\/p>\t\t\t\t\t\t\t\t<\/div>\n\t\t\t\t<div class=\"elementor-element elementor-element-ab1f708 elementor-widget elementor-widget-text-editor\" data-id=\"ab1f708\" data-element_type=\"widget\" data-e-type=\"widget\" data-widget_type=\"text-editor.default\">\n\t\t\t\t\t\t\t\t\t<p>El Apple iPhone 6s forma parte del programa de pruebas de tel\u00e9fonos celulares y servicios de Consumer Reports. En nuestras pruebas de laboratorio, los modelos de tel\u00e9fonos celulares y servicios como el iPhone 6s se califican seg\u00fan m\u00faltiples criterios, como los que se enumeran a continuaci\u00f3n. El Apple iPhone 6s mide 138,30 x 67,10 x 7,10 mm (alto x ancho x grosor) y pesa 143,00 gramos. Se lanz\u00f3 en colores plata, oro, gris espacial y oro rosa. Lleva un cuerpo de metal.    <\/p>\t\t\t\t\t\t\t\t<\/div>\n\t\t\t\t\t<\/div>\n\t\t<\/div>\n\t\t\t\t\t<\/div>\n\t\t<\/section>\n\t\t\t\t<\/div>\n\t\t","protected":false},"excerpt":{"rendered":"<ul>\n<li>Capture fotos impresionantes con funciones como Visi\u00f3n Nocturna<\/li>\n<li>Guarde cada foto gratis<\/li>\n<li>El Asistente de Google es la forma m\u00e1s f\u00e1cil de hacer cosas<\/li>\n<\/ul>\n","protected":false},"featured_media":167,"comment_status":"open","ping_status":"closed","template":"","meta":[],"product_brand":[],"product_cat":[209],"product_tag":[202,216],"class_list":{"0":"post-9505","1":"product","2":"type-product","3":"status-publish","4":"has-post-thumbnail","6":"product_cat-accesorios-electronicos","7":"product_tag-electronico","8":"product_tag-sendy","11":"instock","12":"sale","13":"taxable","14":"shipping-taxable","15":"purchasable","16":"product-type-simple"},"jetpack_sharing_enabled":true,"_links":{"self":[{"href":"https:\/\/compraya.com.pa\/es\/wp-json\/wp\/v2\/product\/9505","targetHints":{"allow":["GET"]}}],"collection":[{"href":"https:\/\/compraya.com.pa\/es\/wp-json\/wp\/v2\/product"}],"about":[{"href":"https:\/\/compraya.com.pa\/es\/wp-json\/wp\/v2\/types\/product"}],"replies":[{"embeddable":true,"href":"https:\/\/compraya.com.pa\/es\/wp-json\/wp\/v2\/comments?post=9505"}],"version-history":[{"count":1,"href":"https:\/\/compraya.com.pa\/es\/wp-json\/wp\/v2\/product\/9505\/revisions"}],"predecessor-version":[{"id":9507,"href":"https:\/\/compraya.com.pa\/es\/wp-json\/wp\/v2\/product\/9505\/revisions\/9507"}],"wp:featuredmedia":[{"embeddable":true,"href":"https:\/\/compraya.com.pa\/es\/wp-json\/wp\/v2\/media\/167"}],"wp:attachment":[{"href":"https:\/\/compraya.com.pa\/es\/wp-json\/wp\/v2\/media?parent=9505"}],"wp:term":[{"taxonomy":"product_brand","embeddable":true,"href":"https:\/\/compraya.com.pa\/es\/wp-json\/wp\/v2\/product_brand?post=9505"},{"taxonomy":"product_cat","embeddable":true,"href":"https:\/\/compraya.com.pa\/es\/wp-json\/wp\/v2\/product_cat?post=9505"},{"taxonomy":"product_tag","embeddable":true,"href":"https:\/\/compraya.com.pa\/es\/wp-json\/wp\/v2\/product_tag?post=9505"}],"curies":[{"name":"wp","href":"https:\/\/api.w.org\/{rel}","templated":true}]}}