{"id":9543,"date":"2019-10-07T01:52:55","date_gmt":"2019-10-07T01:52:55","guid":{"rendered":"https:\/\/compraya.com.pa\/product\/concentrador-usb-quantum-vsquare-port\/"},"modified":"2025-08-17T16:43:31","modified_gmt":"2025-08-17T16:43:31","slug":"concentrador-usb-quantum-vsquare-port","status":"publish","type":"product","link":"https:\/\/compraya.com.pa\/es\/producto\/concentrador-usb-quantum-vsquare-port\/","title":{"rendered":"Concentrador USB Quantum vsquare port"},"content":{"rendered":"\t\t<div data-elementor-type=\"wp-post\" data-elementor-id=\"9543\" class=\"elementor elementor-9543 elementor-8536\" data-elementor-post-type=\"product\">\n\t\t\t\t\t\t<section class=\"elementor-section elementor-top-section elementor-element elementor-element-5943ab3 elementor-section-boxed elementor-section-height-default elementor-section-height-default\" data-id=\"5943ab3\" data-element_type=\"section\" data-e-type=\"section\">\n\t\t\t\t\t\t<div class=\"elementor-container elementor-column-gap-no no-gutters\">\n\t\t\t\t\t<div class=\"elementor-column elementor-col-100 elementor-top-column elementor-element elementor-element-e570db3\" data-id=\"e570db3\" data-element_type=\"column\" data-e-type=\"column\">\n\t\t\t<div class=\"elementor-widget-wrap elementor-element-populated\">\n\t\t\t\t\t\t<div class=\"elementor-element elementor-element-a367003 elementor-widget elementor-widget-text-editor\" data-id=\"a367003\" data-element_type=\"widget\" data-e-type=\"widget\" data-widget_type=\"text-editor.default\">\n\t\t\t\t\t\t\t\t\t<p>El smartphone Apple iPhone 6s se lanz\u00f3 en septiembre de 2015. El tel\u00e9fono viene con una pantalla t\u00e1ctil de 4,70 pulgadas con una resoluci\u00f3n de 750&#215;1334 p\u00edxeles a una densidad de p\u00edxeles de 326 p\u00edxeles por pulgada (ppi) y una relaci\u00f3n de aspecto de 16:9.  El Apple iPhone 6s est\u00e1 alimentado por un procesador A9 de doble n\u00facleo a 1,84 GHz. Viene con 2 GB de RAM. El Apple iPhone 6s ejecuta iOS 9 y est\u00e1 alimentado por una bater\u00eda no extra\u00edble de 1715 mAh. En cuanto a las c\u00e1maras, el Apple iPhone 6s en la parte trasera incluye una c\u00e1mara de 12 megap\u00edxeles con una apertura de f\/2.2 y un tama\u00f1o de p\u00edxel de 1,22 micras. La configuraci\u00f3n de la c\u00e1mara trasera tiene enfoque autom\u00e1tico de detecci\u00f3n de fase. Tiene una c\u00e1mara de 5 megap\u00edxeles en la parte delantera para selfies, con una apertura de f\/2.2.      <\/p>\t\t\t\t\t\t\t\t<\/div>\n\t\t\t\t<div class=\"elementor-element elementor-element-60ef4c4 elementor-widget elementor-widget-text-editor\" data-id=\"60ef4c4\" data-element_type=\"widget\" data-e-type=\"widget\" data-widget_type=\"text-editor.default\">\n\t\t\t\t\t\t\t\t\t<p>Las opciones de conectividad en el Apple iPhone 6s incluyen Wi-Fi 802.11 a\/b\/g\/n\/ac, GPS, Bluetooth v4.20, NFC, Lightning, 3G y 4G (con soporte para la banda 40 utilizada por algunas redes LTE en India). Los sensores en el tel\u00e9fono incluyen aceler\u00f3metro, sensor de luz ambiental, bar\u00f3metro, br\u00fajula\/magnet\u00f3metro, giroscopio, sensor de proximidad y sensor de huellas dactilares. <\/p>\t\t\t\t\t\t\t\t<\/div>\n\t\t\t\t<section class=\"elementor-section elementor-inner-section elementor-element elementor-element-073ff58 elementor-section-boxed elementor-section-height-default elementor-section-height-default\" data-id=\"073ff58\" data-element_type=\"section\" data-e-type=\"section\">\n\t\t\t\t\t\t<div class=\"elementor-container elementor-column-gap-default\">\n\t\t\t\t\t<div class=\"elementor-column elementor-col-50 elementor-inner-column elementor-element elementor-element-acf7139\" data-id=\"acf7139\" data-element_type=\"column\" data-e-type=\"column\">\n\t\t\t<div class=\"elementor-widget-wrap elementor-element-populated\">\n\t\t\t\t\t\t<div class=\"elementor-element elementor-element-bcbba42 elementor-widget elementor-widget-image\" data-id=\"bcbba42\" data-element_type=\"widget\" data-e-type=\"widget\" data-widget_type=\"image.default\">\n\t\t\t\t\t\t\t\t\t\t\t\t\t\t\t<img fetchpriority=\"high\" decoding=\"async\" width=\"1000\" height=\"1000\" src=\"https:\/\/compraya.com.pa\/wp-content\/uploads\/2019\/10\/product-65.jpg\" class=\"attachment-full size-full wp-image-9048\" alt=\"\" \/>\t\t\t\t\t\t\t\t\t\t\t\t\t\t\t<\/div>\n\t\t\t\t\t<\/div>\n\t\t<\/div>\n\t\t\t\t<div class=\"elementor-column elementor-col-50 elementor-inner-column elementor-element elementor-element-93b7a90\" data-id=\"93b7a90\" data-element_type=\"column\" data-e-type=\"column\">\n\t\t\t<div class=\"elementor-widget-wrap elementor-element-populated\">\n\t\t\t\t\t\t<div class=\"elementor-element elementor-element-20d8cc1 elementor-widget elementor-widget-image\" data-id=\"20d8cc1\" data-element_type=\"widget\" data-e-type=\"widget\" data-widget_type=\"image.default\">\n\t\t\t\t\t\t\t\t\t\t\t\t\t\t\t<img decoding=\"async\" width=\"1000\" height=\"1000\" src=\"https:\/\/compraya.com.pa\/wp-content\/uploads\/2019\/10\/product-68.jpg\" class=\"attachment-full size-full wp-image-9051\" alt=\"\" \/>\t\t\t\t\t\t\t\t\t\t\t\t\t\t\t<\/div>\n\t\t\t\t\t<\/div>\n\t\t<\/div>\n\t\t\t\t\t<\/div>\n\t\t<\/section>\n\t\t\t\t<div class=\"elementor-element elementor-element-cea9ccf elementor-widget elementor-widget-text-editor\" data-id=\"cea9ccf\" data-element_type=\"widget\" data-e-type=\"widget\" data-widget_type=\"text-editor.default\">\n\t\t\t\t\t\t\t\t\t<p><strong>C\u00e1mara: Calidad de imagen trasera<\/strong>: Calidad de imagen fija utilizando la c\u00e1mara trasera (principal). Se basa en juicios objetivos y subjetivos de im\u00e1genes de prueba, que incluyen la evaluaci\u00f3n de la resoluci\u00f3n, el rango din\u00e1mico, la precisi\u00f3n del color y el ruido visual. <\/p>\t\t\t\t\t\t\t\t<\/div>\n\t\t\t\t<div class=\"elementor-element elementor-element-54fbd37 elementor-widget elementor-widget-text-editor\" data-id=\"54fbd37\" data-element_type=\"widget\" data-e-type=\"widget\" data-widget_type=\"text-editor.default\">\n\t\t\t\t\t\t\t\t\t<p><strong>C\u00e1mara: Calidad de v\u00eddeo trasera de 1080p:<\/strong> La calidad de v\u00eddeo se basa en los juicios de panelistas capacitados que vieron im\u00e1genes de v\u00eddeo grabadas tomadas con la configuraci\u00f3n de calidad m\u00e1s alta disponible (1080p m\u00e1x.) en m\u00faltiples condiciones de iluminaci\u00f3n.<\/p>\t\t\t\t\t\t\t\t<\/div>\n\t\t\t\t<div class=\"elementor-element elementor-element-c68950b elementor-widget elementor-widget-text-editor\" data-id=\"c68950b\" data-element_type=\"widget\" data-e-type=\"widget\" data-widget_type=\"text-editor.default\">\n\t\t\t\t\t\t\t\t\t<p><strong>C\u00e1mara: Calidad de imagen selfie:<\/strong> Calidad de imagen fija utilizando la c\u00e1mara frontal (selfie). Se basa en juicios objetivos y subjetivos de im\u00e1genes de prueba, que incluyen la evaluaci\u00f3n de la resoluci\u00f3n, la precisi\u00f3n del color y el ruido visual en m\u00faltiples condiciones de iluminaci\u00f3n. <\/p>\t\t\t\t\t\t\t\t<\/div>\n\t\t\t\t<div class=\"elementor-element elementor-element-3fd8375 elementor-widget elementor-widget-text-editor\" data-id=\"3fd8375\" data-element_type=\"widget\" data-e-type=\"widget\" data-widget_type=\"text-editor.default\">\n\t\t\t\t\t\t\t\t\t<p>El Apple iPhone 6s forma parte del programa de prueba de tel\u00e9fonos m\u00f3viles y servicios de Consumer Reports. En nuestras pruebas de laboratorio, los modelos de tel\u00e9fonos m\u00f3viles y servicios como el iPhone 6s se eval\u00faan seg\u00fan m\u00faltiples criterios, como los que se enumeran a continuaci\u00f3n.  El Apple iPhone 6s mide 138,30 x 67,10 x 7,10 mm (alto x ancho x grosor) y pesa 143,00 gramos. Se lanz\u00f3 en colores plata, oro, gris espacial y oro rosa. Tiene un cuerpo de metal.  <\/p>\t\t\t\t\t\t\t\t<\/div>\n\t\t\t\t\t<\/div>\n\t\t<\/div>\n\t\t\t\t\t<\/div>\n\t\t<\/section>\n\t\t\t\t<\/div>\n\t\t","protected":false},"excerpt":{"rendered":"<ul>\n<li>Multi puerto<\/li>\n<li>Transferencia r\u00e1pida de archivos<\/li>\n<li>Dise\u00f1o port\u00e1til<\/li>\n<\/ul>\n","protected":false},"featured_media":202,"comment_status":"open","ping_status":"closed","template":"","meta":[],"product_brand":[],"product_cat":[209,214,210,187,212],"product_tag":[233,194,195,221,216],"class_list":{"0":"post-9543","1":"product","2":"type-product","3":"status-publish","4":"has-post-thumbnail","6":"product_cat-accesorios-electronicos","7":"product_cat-deportes-y-viajes","8":"product_cat-dispositivos-electronicos","9":"product_cat-moda-y-ropa","10":"product_cat-tv-y-electrodomesticos","11":"product_tag-concentrador-usb","12":"product_tag-exito-de-ventas","13":"product_tag-mini-ventilador","14":"product_tag-perchero","15":"product_tag-sendy","18":"instock","19":"sale","20":"taxable","21":"shipping-taxable","22":"purchasable","23":"product-type-simple"},"jetpack_sharing_enabled":true,"_links":{"self":[{"href":"https:\/\/compraya.com.pa\/es\/wp-json\/wp\/v2\/product\/9543","targetHints":{"allow":["GET"]}}],"collection":[{"href":"https:\/\/compraya.com.pa\/es\/wp-json\/wp\/v2\/product"}],"about":[{"href":"https:\/\/compraya.com.pa\/es\/wp-json\/wp\/v2\/types\/product"}],"replies":[{"embeddable":true,"href":"https:\/\/compraya.com.pa\/es\/wp-json\/wp\/v2\/comments?post=9543"}],"version-history":[{"count":1,"href":"https:\/\/compraya.com.pa\/es\/wp-json\/wp\/v2\/product\/9543\/revisions"}],"predecessor-version":[{"id":9546,"href":"https:\/\/compraya.com.pa\/es\/wp-json\/wp\/v2\/product\/9543\/revisions\/9546"}],"wp:featuredmedia":[{"embeddable":true,"href":"https:\/\/compraya.com.pa\/es\/wp-json\/wp\/v2\/media\/202"}],"wp:attachment":[{"href":"https:\/\/compraya.com.pa\/es\/wp-json\/wp\/v2\/media?parent=9543"}],"wp:term":[{"taxonomy":"product_brand","embeddable":true,"href":"https:\/\/compraya.com.pa\/es\/wp-json\/wp\/v2\/product_brand?post=9543"},{"taxonomy":"product_cat","embeddable":true,"href":"https:\/\/compraya.com.pa\/es\/wp-json\/wp\/v2\/product_cat?post=9543"},{"taxonomy":"product_tag","embeddable":true,"href":"https:\/\/compraya.com.pa\/es\/wp-json\/wp\/v2\/product_tag?post=9543"}],"curies":[{"name":"wp","href":"https:\/\/api.w.org\/{rel}","templated":true}]}}